{"id":102,"date":"2019-09-24T11:53:03","date_gmt":"2019-09-24T09:53:03","guid":{"rendered":"http:\/\/fare.stat.unipd.it\/?page_id=102"},"modified":"2021-03-11T15:04:32","modified_gmt":"2021-03-11T14:04:32","slug":"contatti","status":"publish","type":"page","link":"https:\/\/fare.stat.unipd.it\/?page_id=102","title":{"rendered":"Contatti"},"content":{"rendered":"\n<div class=\"wp-block-columns is-layout-flex wp-container-core-columns-is-layout-9d6595d7 wp-block-columns-is-layout-flex\">\n<div class=\"wp-block-column is-layout-flow wp-block-column-is-layout-flow\"><div class=\"wpforms-container wpforms-container-full wpforms-block\" id=\"wpforms-1018\"><form id=\"wpforms-form-1018\" class=\"wpforms-validate wpforms-form\" data-formid=\"1018\" method=\"post\" enctype=\"multipart\/form-data\" action=\"\/index.php?rest_route=%2Fwp%2Fv2%2Fpages%2F102\" data-token=\"83633678cbdfb33fe314f35a8fab5d4b\" data-token-time=\"1777489291\"><noscript class=\"wpforms-error-noscript\">Abilita JavaScript nel browser per completare questo modulo.<\/noscript><div class=\"wpforms-field-container\"><div id=\"wpforms-1018-field_4-container\" class=\"wpforms-field wpforms-field-email\" data-field-id=\"4\"><label class=\"wpforms-field-label\" for=\"wpforms-1018-field_4\">Email <span class=\"wpforms-required-label\">*<\/span><\/label><input type=\"email\" id=\"wpforms-1018-field_4\" class=\"wpforms-field-medium wpforms-field-required\" name=\"wpforms[fields][4]\" spellcheck=\"false\" required><\/div><div id=\"wpforms-1018-field_1-container\" class=\"wpforms-field wpforms-field-name\" data-field-id=\"1\"><label class=\"wpforms-field-label\" for=\"wpforms-1018-field_1\">Nome <span class=\"wpforms-required-label\">*<\/span><\/label><input type=\"text\" id=\"wpforms-1018-field_1\" class=\"wpforms-field-medium wpforms-field-required\" name=\"wpforms[fields][1]\" required><\/div><div id=\"wpforms-1018-field_3-container\" class=\"wpforms-field wpforms-field-textarea\" data-field-id=\"3\"><label class=\"wpforms-field-label\" for=\"wpforms-1018-field_3\">Richiesta<\/label><textarea id=\"wpforms-1018-field_3\" class=\"wpforms-field-medium\" name=\"wpforms[fields][3]\" ><\/textarea><\/div><div id=\"wpforms-1018-field_6-container\" class=\"wpforms-field wpforms-field-checkbox\" data-field-id=\"6\"><ul id=\"wpforms-1018-field_6\" class=\"wpforms-field-required\"><li class=\"choice-1 depth-1\"><input type=\"checkbox\" id=\"wpforms-1018-field_6_1\" name=\"wpforms[fields][6][]\" value=\"Acconsento il trattamento dei dati. (&lt;a href=&quot; https:\/\/www.unipd.it\/dati-personali-studenti&quot; target=&quot;_blank&quot;&gt;Privacy policy&lt;\/a&gt;)\" required ><label class=\"wpforms-field-label-inline\" for=\"wpforms-1018-field_6_1\">Acconsento il trattamento dei dati. (<a href=\"https:\/\/www.unipd.it\/dati-personali-studenti\" target=\"_blank\">Privacy policy<\/a>)<\/label><\/li><\/ul><\/div><\/div><!-- .wpforms-field-container --><div class=\"wpforms-submit-container\" ><input type=\"hidden\" name=\"wpforms[id]\" value=\"1018\"><input type=\"hidden\" name=\"page_title\" value=\"\"><input type=\"hidden\" name=\"page_url\" value=\"https:\/\/fare.stat.unipd.it\/index.php?rest_route=\/wp\/v2\/pages\/102\"><input type=\"hidden\" name=\"url_referer\" value=\"\"><button type=\"submit\" name=\"wpforms[submit]\" id=\"wpforms-submit-1018\" class=\"wpforms-submit\" data-alt-text=\"Sending...\" data-submit-text=\"Invia\" aria-live=\"assertive\" value=\"wpforms-submit\">Invia<\/button><\/div><\/form><\/div>  <!-- .wpforms-container --><\/div>\n\n\n\n<div class=\"wp-block-column is-layout-flow wp-block-column-is-layout-flow\">\n<h3 class=\"has-text-align-left wp-block-heading\">DIPARTIMENTO DI SCIENZE STATISTICHE<\/h3>\n\n\n\n<p>Via C. Battisti, 241 &#8211; 35121 Padova<\/p>\n\n\n\n<ul class=\"wp-block-list\"><li> P.I. 00742430283<\/li><li> C.F. 80006480281<\/li><li><strong>Telefono:<\/strong><br>+39 049 827 4118<\/li><li><strong>Fax:<\/strong><br>+39 049 827 4170<\/li><li><strong>Email:<\/strong><br><a href=\"mailto:far@stat.unipd.it\">far@stat.unipd.it<\/a><\/li><\/ul>\n\n\n\n<p><a href=\"https:\/\/fare.stat.unipd.it\/wp-content\/uploads\/2020\/02\/brochure-1.pdf\">Brochure di presentazione<\/a><\/p>\n<\/div>\n<\/div>\n\n\n\n<p class=\"has-text-align-left has-very-dark-gray-color has-text-color has-normal-font-size\"><br>         Dopo l&#8217;invio della richiesta sarete ricontattati per fissare un <strong>incontro on-line<\/strong>. In base alle informazioni raccolte invieremo la bozza con la nostra <strong>offerta <\/strong>(attivit\u00e0, tempi e costi della consulenza), modulabile ulteriormente in base alle necessit\u00e0 e disponibilit\u00e0 specifiche. <br><br>        <\/p>\n","protected":false},"excerpt":{"rendered":"<p>DIPARTIMENTO DI SCIENZE STATISTICHE Via C. Battisti, 241 &#8211; 35121 Padova P.I. 00742430283 C.F. 80006480281 Telefono:+39 049 827 4118 Fax:+39 049 827 4170 Email:far@stat.unipd.it Brochure di presentazione Dopo l&#8217;invio della richiesta sarete ricontattati per fissare un incontro on-line. In base alle informazioni raccolte invieremo la bozza con la nostra offerta (attivit\u00e0, tempi e costi della &hellip; <\/p>\n<p class=\"link-more\"><a href=\"https:\/\/fare.stat.unipd.it\/?page_id=102\" class=\"more-link\">Leggi tutto<span class=\"screen-reader-text\"> &#8220;Contatti&#8221;<\/span><\/a><\/p>\n","protected":false},"author":1,"featured_media":0,"parent":0,"menu_order":0,"comment_status":"closed","ping_status":"closed","template":"","meta":{"footnotes":""},"class_list":["post-102","page","type-page","status-publish","hentry"],"aioseo_notices":[],"cmb2":{"uhe_rest_metabox":{"uhe_rest_text":""}},"_links":{"self":[{"href":"https:\/\/fare.stat.unipd.it\/index.php?rest_route=\/wp\/v2\/pages\/102","targetHints":{"allow":["GET"]}}],"collection":[{"href":"https:\/\/fare.stat.unipd.it\/index.php?rest_route=\/wp\/v2\/pages"}],"about":[{"href":"https:\/\/fare.stat.unipd.it\/index.php?rest_route=\/wp\/v2\/types\/page"}],"author":[{"embeddable":true,"href":"https:\/\/fare.stat.unipd.it\/index.php?rest_route=\/wp\/v2\/users\/1"}],"replies":[{"embeddable":true,"href":"https:\/\/fare.stat.unipd.it\/index.php?rest_route=%2Fwp%2Fv2%2Fcomments&post=102"}],"version-history":[{"count":34,"href":"https:\/\/fare.stat.unipd.it\/index.php?rest_route=\/wp\/v2\/pages\/102\/revisions"}],"predecessor-version":[{"id":1746,"href":"https:\/\/fare.stat.unipd.it\/index.php?rest_route=\/wp\/v2\/pages\/102\/revisions\/1746"}],"wp:attachment":[{"href":"https:\/\/fare.stat.unipd.it\/index.php?rest_route=%2Fwp%2Fv2%2Fmedia&parent=102"}],"curies":[{"name":"wp","href":"https:\/\/api.w.org\/{rel}","templated":true}]}}